{"id":23,"date":"2023-04-19T09:31:11","date_gmt":"2023-04-19T09:31:11","guid":{"rendered":"https:\/\/hmh.nvb.de\/?page_id=23"},"modified":"2024-03-05T09:04:25","modified_gmt":"2024-03-05T09:04:25","slug":"fuhrungen","status":"publish","type":"page","link":"https:\/\/hmh.nvb.de\/?page_id=23","title":{"rendered":"Trauungen"},"content":{"rendered":"<section id=\"section-135-23\" class=\" ct-section\" ><div class=\"ct-section-inner-wrap\"><link rel='stylesheet' id='oxygen-unslider-css'  href='https:\/\/hmh.nvb.de\/wp-content\/plugins\/oxygen\/component-framework\/vendor\/unslider\/unslider.css' type='text\/css' media='all'\/><div id=\"slider-136-23\" class=\"ct-slider ct_unique_slider_8067\" ><div class=\"oxygen-unslider-container\"><ul><li><div id=\"slide-137-23\" class=\"ct-slide\" ><img decoding=\"async\"  id=\"image-138-23\" alt=\"\" src=\"https:\/\/hmh.nvb.de\/wp-content\/uploads\/2023\/04\/big-shed.jpg\" class=\"ct-image\" srcset-disabled=\"https:\/\/hmh.nvb.de\/wp-content\/uploads\/2023\/04\/big-shed.jpg 2048w, https:\/\/hmh.nvb.de\/wp-content\/uploads\/2023\/04\/big-shed-300x225.jpg 300w, https:\/\/hmh.nvb.de\/wp-content\/uploads\/2023\/04\/big-shed-1024x768.jpg 1024w, https:\/\/hmh.nvb.de\/wp-content\/uploads\/2023\/04\/big-shed-768x576.jpg 768w, https:\/\/hmh.nvb.de\/wp-content\/uploads\/2023\/04\/big-shed-1536x1152.jpg 1536w\" sizes=\"(max-width: 2048px) 100vw, 2048px\" \/><\/div><\/li><li><div id=\"slide-139-23\" class=\"ct-slide\" ><img decoding=\"async\"  id=\"image-140-23\" alt=\"\" src=\"https:\/\/hmh.nvb.de\/wp-content\/uploads\/2023\/04\/timer.jpg\" class=\"ct-image\" srcset-disabled=\"https:\/\/hmh.nvb.de\/wp-content\/uploads\/2023\/04\/timer.jpg 940w, https:\/\/hmh.nvb.de\/wp-content\/uploads\/2023\/04\/timer-300x225.jpg 300w, https:\/\/hmh.nvb.de\/wp-content\/uploads\/2023\/04\/timer-768x576.jpg 768w\" sizes=\"(max-width: 940px) 100vw, 940px\" \/><\/div><\/li><li><div id=\"slide-141-23\" class=\"ct-slide\" ><img decoding=\"async\"  id=\"image-142-23\" alt=\"\" src=\"https:\/\/hmh.nvb.de\/wp-content\/uploads\/2023\/04\/kunst-7.jpg\" class=\"ct-image\" srcset-disabled=\"https:\/\/hmh.nvb.de\/wp-content\/uploads\/2023\/04\/kunst-7.jpg 1600w, https:\/\/hmh.nvb.de\/wp-content\/uploads\/2023\/04\/kunst-7-300x225.jpg 300w, https:\/\/hmh.nvb.de\/wp-content\/uploads\/2023\/04\/kunst-7-1024x768.jpg 1024w, https:\/\/hmh.nvb.de\/wp-content\/uploads\/2023\/04\/kunst-7-768x576.jpg 768w, https:\/\/hmh.nvb.de\/wp-content\/uploads\/2023\/04\/kunst-7-1536x1152.jpg 1536w\" sizes=\"(max-width: 1600px) 100vw, 1600px\" \/><\/div><\/li><\/ul><\/div><\/div><script class=\"ct-slider-script\">jQuery(document).ready(function($){$('#slider-136-23.ct_unique_slider_8067 .oxygen-unslider-container:not(.unslider-horizontal,.unslider-fade)').unslider({autoplay: true, delay: 3000, animation: 'horizontal', speed : 750, arrows: false, nav: false, infinite: false})});<\/script><\/div><\/section><section id=\"section-104-23\" class=\" ct-section\" ><div class=\"ct-section-inner-wrap\"><h2 id=\"headline-127-23\" class=\"ct-headline winery-heading-two\">Trauungen und Gruppen<br><\/h2><div id=\"new_columns-105-23\" class=\"ct-new-columns\" ><div id=\"div_block-106-23\" class=\"ct-div-block\" ><div id=\"div_block-107-23\" class=\"ct-div-block winery-restaurant-1-wrapper\" ><h3 id=\"headline-110-23\" class=\"ct-headline winery-heading-three\">Standesamtliche Trauungen<\/h3><div id=\"text_block-111-23\" class=\"ct-text-block winery-body-text\" >M\u00f6chten Sie gerne im wundersch\u00f6nen Ambiente des Heimathofes heiraten? Die standesamtliche Trauung k\u00f6nnen Sie im Standesamt Uelsen anmelden. Alle anderen terminlichen und organisatorischen Details k\u00f6nnen Sie mit Frau Hanni Veenemann.<br><br><\/div>\n        <div id='_icon_box-128-23' class='oxy-icon-box' >\n          <div class='oxy-icon-box-icon'>\n              <div id=\"fancy_icon-129-23\" class=\"ct-fancy-icon\" ><svg id=\"svg-fancy_icon-129-23\"><use xlink:href=\"#Lineariconsicon-phone\"><\/use><\/svg><\/div>          <\/div>\n          \n          <div class='oxy-icon-box-content'>\n            <h2 id='_icon_box-128-23_heading' class='oxy-icon-box-heading oxygenberg-_icon_box-128-23_heading'>\n              <span style=\"font-weight: normal;\">Tel. 05948-737 abkl\u00e4ren. <\/span>            <\/h2>\n            <p id='_icon_box-128-23_text' class='oxy-icon-box-text oxygenberg-_icon_box-128-23_text'>\n              <br>            <\/p>\n            <div class='oxy-icon-box-link'>\n                          <\/div>\n          <\/div>\n        <\/div>\n\n        <\/div><\/div><div id=\"div_block-113-23\" class=\"ct-div-block\" ><div id=\"div_block-114-23\" class=\"ct-div-block winery-restaurant-1-wrapper\" ><h3 id=\"headline-117-23\" class=\"ct-headline winery-heading-three\">F\u00fchrungen f\u00fcr Gruppen<\/h3><div id=\"text_block-118-23\" class=\"ct-text-block winery-body-text\" > M\u00f6chten Sie gerne mit ihren Freunden, Betrieb oder Familie den Heimathof besichtigen?<br>Wochentags k\u00f6nnen F\u00fchrungen \u00fcber den Heimathof gebucht werden f\u00fcr Gruppen ab ca. 10 Personen.<br> Zus\u00e4tzlich kann man Kaffee und Kuchen anfordern.<br><br>Kosten Euro 2,- p.P.<br><\/div>\n        <div id='_icon_box-133-23' class='oxy-icon-box' >\n          <div class='oxy-icon-box-icon'>\n              <div id=\"fancy_icon-134-23\" class=\"ct-fancy-icon\" ><svg id=\"svg-fancy_icon-134-23\"><use xlink:href=\"#Lineariconsicon-phone\"><\/use><\/svg><\/div>          <\/div>\n          \n          <div class='oxy-icon-box-content'>\n            <h2 id='_icon_box-133-23_heading' class='oxy-icon-box-heading oxygenberg-_icon_box-133-23_heading'>\n              <span style=\"font-weight: normal;\">Frau Gesine L\u00fcbbermann Tel: 05948-723 <\/span><br><span style=\"font-weight: normal;\">oder Handy 01724977522 <\/span>            <\/h2>\n            <p id='_icon_box-133-23_text' class='oxy-icon-box-text oxygenberg-_icon_box-133-23_text'>\n              <br>            <\/p>\n            <div class='oxy-icon-box-link'>\n                          <\/div>\n          <\/div>\n        <\/div>\n\n        <\/div><\/div><\/div><\/div><\/section><section id=\"section-42-23\" class=\" ct-section\" ><div class=\"ct-section-inner-wrap\"><style>\/* FLEX GALLERY *\/\n\n.oxy-gallery.oxy-gallery-flex {\n\tdisplay: flex;\n\tflex-direction: row;\n\tflex-wrap: wrap;\n\tjustify-content: center;\n}\n\n.oxy-gallery-flex .oxy-gallery-item {\n\toverflow: hidden;\n\tflex: auto;\n\n}\n\n.oxy-gallery-flex .oxy-gallery-item-sizer {\n\tposition: relative;\n}\n\n.oxy-gallery-flex .oxy-gallery-item-contents {\n\tposition: absolute;\n\ttop: 0; bottom: 0; left: 0; right: 0;\n\tbackground-size: cover;\n\tmargin: 0;\n}\n\n.oxy-gallery-flex .oxy-gallery-item-contents img {\n\twidth: 100%;\n\theight: 100%;\n\topacity: 0;\n}\n\n\n\n\/* MASONRY GALLERY *\/\n\n.oxy-gallery.oxy-gallery-masonry {\n\tdisplay: block;\n\toverflow: auto;\n}\n\n.oxy-gallery-masonry .oxy-gallery-item {\n\tbreak-inside: avoid;\n\tdisplay: block;\n\tline-height: 0;\n\tposition: relative;\n}\n\n.oxy-gallery-masonry figure.oxy-gallery-item-contents {\n\tmargin: 0;\n}\n\n.oxy-gallery-masonry .oxy-gallery-item .oxy-gallery-item-contents img {\n\tmax-width: 100%;\n}\n\n.oxy-gallery-masonry .oxy-gallery-item .oxy-gallery-item-contents figcaption {\n\tdisplay: none;\n}\n\n\/* GRID GALLERY *\/\n.oxy-gallery-grid .oxy-gallery-item {\n\toverflow: hidden;\n\tflex: auto;\n\tposition: relative;\n}\n\n.oxy-gallery-grid .oxy-gallery-item-contents {\n\tmargin: 0;\n}\n\n.oxy-gallery-grid .oxy-gallery-item-contents img {\n\twidth: 100%;\n\theight: auto;\n}\n\n.oxy-gallery-grid .oxy-gallery-item .oxy-gallery-item-contents figcaption {\n\tdisplay: none;\n}<\/style><style data-element-id=\"#_gallery-103-23\">                #_gallery-103-23.oxy-gallery.oxy-gallery-masonry {\n                    column-width: px;\n                    column-count: 2;\n                    column-gap: 16px;\n                }\n\n                #_gallery-103-23.oxy-gallery-masonry .oxy-gallery-item {\n                    margin-bottom: 16px;\n                }\n        \n            #_gallery-103-23.oxy-gallery-captions .oxy-gallery-item .oxy-gallery-item-contents figcaption:not(:empty) {\n                position: absolute;\n                bottom: 0;\n                left: 0;\n                right: 0;\n                background-color: rgba(0,0,0,0.75); \/* caption background color *\/\n                padding: 1em;\n                color: #ffffff;  \/* caption text color *\/\n                font-weight: bold;\n                -webkit-font-smoothing: antialiased;\n                font-size: 1em;\n                text-align: center;\n                line-height: var(--oxy-small-line-height);\n                \/*pointer-events: none;*\/\n                transition: 0.3s ease-in-out opacity;\n                display: block;\n            }\n\n                \n            #_gallery-103-23.oxy-gallery-captions .oxy-gallery-item .oxy-gallery-item-contents figcaption:not(:empty) {\n                opacity: 0;\n            }\n            #_gallery-103-23.oxy-gallery-captions .oxy-gallery-item:hover .oxy-gallery-item-contents figcaption {\n                opacity: 1;\n            }\n\n        \n            @media (max-width: ) {\n              #_gallery-103-23.oxy-gallery-captions .oxy-gallery-item .oxy-gallery-item-contents figcaption:not(:empty) {\n                display: none;\n              }\n            }\n\n                    \n            \/* hover effects *\/\n            #_gallery-103-23.oxy-gallery .oxy-gallery-item {\n              opacity: ;\n              transition: 0.3s ease-in-out opacity;\n            }\n\n            #_gallery-103-23.oxy-gallery .oxy-gallery-item:hover {\n              opacity: ;\n            }\n\n        <\/style>        <div id=\"_gallery-103-23\" class=\"oxy-gallery oxy-gallery-captions oxy-gallery-masonry\" >\n        \n                \n                    <a href='https:\/\/hmh.nvb.de\/wp-content\/uploads\/2023\/04\/groom-bride.jpg'  class='oxy-gallery-item'>\n\n                        <figure class='oxy-gallery-item-contents'>\n\n                            <img decoding=\"async\" src=\"https:\/\/hmh.nvb.de\/wp-content\/uploads\/2023\/04\/groom-bride.jpg\" data-original-src=\"https:\/\/hmh.nvb.de\/wp-content\/uploads\/2023\/04\/groom-bride.jpg\" data-original-src-width=\"1536\" data-original-src-height=\"2048\" alt=\"\">\n                            <figcaption><\/figcaption>\n\n                        <\/figure>\n\n                    <\/a>\n\n                \n                    <a href='https:\/\/hmh.nvb.de\/wp-content\/uploads\/2023\/04\/horse-carriage.jpg'  class='oxy-gallery-item'>\n\n                        <figure class='oxy-gallery-item-contents'>\n\n                            <img decoding=\"async\" src=\"https:\/\/hmh.nvb.de\/wp-content\/uploads\/2023\/04\/horse-carriage.jpg\" data-original-src=\"https:\/\/hmh.nvb.de\/wp-content\/uploads\/2023\/04\/horse-carriage.jpg\" data-original-src-width=\"2048\" data-original-src-height=\"1536\" alt=\"\">\n                            <figcaption><\/figcaption>\n\n                        <\/figure>\n\n                    <\/a>\n\n                \n                    <a href='https:\/\/hmh.nvb.de\/wp-content\/uploads\/2023\/04\/wedding-room.jpg'  class='oxy-gallery-item'>\n\n                        <figure class='oxy-gallery-item-contents'>\n\n                            <img decoding=\"async\" src=\"https:\/\/hmh.nvb.de\/wp-content\/uploads\/2023\/04\/wedding-room.jpg\" data-original-src=\"https:\/\/hmh.nvb.de\/wp-content\/uploads\/2023\/04\/wedding-room.jpg\" data-original-src-width=\"2048\" data-original-src-height=\"1536\" alt=\"\">\n                            <figcaption><\/figcaption>\n\n                        <\/figure>\n\n                    <\/a>\n\n                \n                    <a href='https:\/\/hmh.nvb.de\/wp-content\/uploads\/2023\/04\/wedding-room-2.jpg'  class='oxy-gallery-item'>\n\n                        <figure class='oxy-gallery-item-contents'>\n\n                            <img decoding=\"async\" src=\"https:\/\/hmh.nvb.de\/wp-content\/uploads\/2023\/04\/wedding-room-2.jpg\" data-original-src=\"https:\/\/hmh.nvb.de\/wp-content\/uploads\/2023\/04\/wedding-room-2.jpg\" data-original-src-width=\"2048\" data-original-src-height=\"1536\" alt=\"\">\n                            <figcaption><\/figcaption>\n\n                        <\/figure>\n\n                    <\/a>\n\n                \n                    <a href='https:\/\/hmh.nvb.de\/wp-content\/uploads\/2023\/04\/big-shed.jpg'  class='oxy-gallery-item'>\n\n                        <figure class='oxy-gallery-item-contents'>\n\n                            <img decoding=\"async\" src=\"https:\/\/hmh.nvb.de\/wp-content\/uploads\/2023\/04\/big-shed.jpg\" data-original-src=\"https:\/\/hmh.nvb.de\/wp-content\/uploads\/2023\/04\/big-shed.jpg\" data-original-src-width=\"2048\" data-original-src-height=\"1536\" alt=\"\">\n                            <figcaption><\/figcaption>\n\n                        <\/figure>\n\n                    <\/a>\n\n                \n                    <a href='https:\/\/hmh.nvb.de\/wp-content\/uploads\/2023\/04\/cakes.jpg'  class='oxy-gallery-item'>\n\n                        <figure class='oxy-gallery-item-contents'>\n\n                            <img decoding=\"async\" src=\"https:\/\/hmh.nvb.de\/wp-content\/uploads\/2023\/04\/cakes.jpg\" data-original-src=\"https:\/\/hmh.nvb.de\/wp-content\/uploads\/2023\/04\/cakes.jpg\" data-original-src-width=\"2048\" data-original-src-height=\"1536\" alt=\"\">\n                            <figcaption><\/figcaption>\n\n                        <\/figure>\n\n                    <\/a>\n\n                \n                    <a href='https:\/\/hmh.nvb.de\/wp-content\/uploads\/2023\/04\/flower.jpg'  class='oxy-gallery-item'>\n\n                        <figure class='oxy-gallery-item-contents'>\n\n                            <img decoding=\"async\" src=\"https:\/\/hmh.nvb.de\/wp-content\/uploads\/2023\/04\/flower.jpg\" data-original-src=\"https:\/\/hmh.nvb.de\/wp-content\/uploads\/2023\/04\/flower.jpg\" data-original-src-width=\"1536\" data-original-src-height=\"2048\" alt=\"\">\n                            <figcaption><\/figcaption>\n\n                        <\/figure>\n\n                    <\/a>\n\n                \n                    <a href='https:\/\/hmh.nvb.de\/wp-content\/uploads\/2023\/04\/dining-table.jpg'  class='oxy-gallery-item'>\n\n                        <figure class='oxy-gallery-item-contents'>\n\n                            <img decoding=\"async\" src=\"https:\/\/hmh.nvb.de\/wp-content\/uploads\/2023\/04\/dining-table.jpg\" data-original-src=\"https:\/\/hmh.nvb.de\/wp-content\/uploads\/2023\/04\/dining-table.jpg\" data-original-src-width=\"2048\" data-original-src-height=\"1536\" alt=\"\">\n                            <figcaption><\/figcaption>\n\n                        <\/figure>\n\n                    <\/a>\n\n                \n                <\/div>\n                        <script type=\"text\/javascript\">\n                    document.addEventListener(\"oxygenVSBInitGalleryJs_gallery-103-23\",function(){\n                        if(jQuery('#_gallery-103-23').photoSwipe) {\n                            jQuery('#_gallery-103-23').photoSwipe('.oxy-gallery-item-contents');\n                        }\n                    },false);\n                    jQuery(document).ready(function() {\n                        let event = new Event('oxygenVSBInitGalleryJs_gallery-103-23');\n                        document.dispatchEvent(event);\n                    });\n                <\/script>\n            <\/div><\/section>","protected":false},"excerpt":{"rendered":"","protected":false},"author":1,"featured_media":0,"parent":0,"menu_order":0,"comment_status":"closed","ping_status":"closed","template":"","meta":{"footnotes":""},"class_list":["post-23","page","type-page","status-publish","hentry"],"_links":{"self":[{"href":"https:\/\/hmh.nvb.de\/index.php?rest_route=\/wp\/v2\/pages\/23","targetHints":{"allow":["GET"]}}],"collection":[{"href":"https:\/\/hmh.nvb.de\/index.php?rest_route=\/wp\/v2\/pages"}],"about":[{"href":"https:\/\/hmh.nvb.de\/index.php?rest_route=\/wp\/v2\/types\/page"}],"author":[{"embeddable":true,"href":"https:\/\/hmh.nvb.de\/index.php?rest_route=\/wp\/v2\/users\/1"}],"replies":[{"embeddable":true,"href":"https:\/\/hmh.nvb.de\/index.php?rest_route=%2Fwp%2Fv2%2Fcomments&post=23"}],"version-history":[{"count":6,"href":"https:\/\/hmh.nvb.de\/index.php?rest_route=\/wp\/v2\/pages\/23\/revisions"}],"predecessor-version":[{"id":227,"href":"https:\/\/hmh.nvb.de\/index.php?rest_route=\/wp\/v2\/pages\/23\/revisions\/227"}],"wp:attachment":[{"href":"https:\/\/hmh.nvb.de\/index.php?rest_route=%2Fwp%2Fv2%2Fmedia&parent=23"}],"curies":[{"name":"wp","href":"https:\/\/api.w.org\/{rel}","templated":true}]}}