{"id":15,"date":"2023-04-19T09:30:09","date_gmt":"2023-04-19T09:30:09","guid":{"rendered":"https:\/\/hmh.nvb.de\/?page_id=15"},"modified":"2023-12-07T13:29:55","modified_gmt":"2023-12-07T13:29:55","slug":"veranstaltungen","status":"publish","type":"page","link":"https:\/\/hmh.nvb.de\/?page_id=15","title":{"rendered":"Veranstaltungen"},"content":{"rendered":"<section id=\"section-223-15\" class=\" ct-section\" ><div class=\"ct-section-inner-wrap\"><link rel='stylesheet' id='oxygen-unslider-css'  href='https:\/\/hmh.nvb.de\/wp-content\/plugins\/oxygen\/component-framework\/vendor\/unslider\/unslider.css' type='text\/css' media='all'\/><div id=\"slider-224-15\" class=\"ct-slider ct_unique_slider_9500\" ><div class=\"oxygen-unslider-container\"><ul><li><div id=\"slide-225-15\" class=\"ct-slide\" ><img decoding=\"async\"  id=\"image-226-15\" alt=\"\" src=\"https:\/\/hmh.nvb.de\/wp-content\/uploads\/2023\/04\/big-shed.jpg\" class=\"ct-image\" srcset-disabled=\"https:\/\/hmh.nvb.de\/wp-content\/uploads\/2023\/04\/big-shed.jpg 2048w, https:\/\/hmh.nvb.de\/wp-content\/uploads\/2023\/04\/big-shed-300x225.jpg 300w, https:\/\/hmh.nvb.de\/wp-content\/uploads\/2023\/04\/big-shed-1024x768.jpg 1024w, https:\/\/hmh.nvb.de\/wp-content\/uploads\/2023\/04\/big-shed-768x576.jpg 768w, https:\/\/hmh.nvb.de\/wp-content\/uploads\/2023\/04\/big-shed-1536x1152.jpg 1536w\" sizes=\"(max-width: 2048px) 100vw, 2048px\" \/><\/div><\/li><li><div id=\"slide-227-15\" class=\"ct-slide\" ><img decoding=\"async\"  id=\"image-228-15\" alt=\"\" src=\"https:\/\/hmh.nvb.de\/wp-content\/uploads\/2023\/04\/timer.jpg\" class=\"ct-image\" srcset-disabled=\"https:\/\/hmh.nvb.de\/wp-content\/uploads\/2023\/04\/timer.jpg 940w, https:\/\/hmh.nvb.de\/wp-content\/uploads\/2023\/04\/timer-300x225.jpg 300w, https:\/\/hmh.nvb.de\/wp-content\/uploads\/2023\/04\/timer-768x576.jpg 768w\" sizes=\"(max-width: 940px) 100vw, 940px\" \/><\/div><\/li><li><div id=\"slide-229-15\" class=\"ct-slide\" ><img decoding=\"async\"  id=\"image-230-15\" alt=\"\" src=\"https:\/\/hmh.nvb.de\/wp-content\/uploads\/2023\/04\/kunst-7.jpg\" class=\"ct-image\" srcset-disabled=\"https:\/\/hmh.nvb.de\/wp-content\/uploads\/2023\/04\/kunst-7.jpg 1600w, https:\/\/hmh.nvb.de\/wp-content\/uploads\/2023\/04\/kunst-7-300x225.jpg 300w, https:\/\/hmh.nvb.de\/wp-content\/uploads\/2023\/04\/kunst-7-1024x768.jpg 1024w, https:\/\/hmh.nvb.de\/wp-content\/uploads\/2023\/04\/kunst-7-768x576.jpg 768w, https:\/\/hmh.nvb.de\/wp-content\/uploads\/2023\/04\/kunst-7-1536x1152.jpg 1536w\" sizes=\"(max-width: 1600px) 100vw, 1600px\" \/><\/div><\/li><\/ul><\/div><\/div><script class=\"ct-slider-script\">jQuery(document).ready(function($){$('#slider-224-15.ct_unique_slider_9500 .oxygen-unslider-container:not(.unslider-horizontal,.unslider-fade)').unslider({autoplay: true, delay: 3000, animation: 'horizontal', speed : 750, arrows: false, nav: false, infinite: false})});<\/script><\/div><\/section>\n\n<section id=\"section-2-15\" class=\" ct-section\" ><div class=\"ct-section-inner-wrap\"><h1 id=\"headline-18-15\" class=\"ct-headline veranstaltungen-heading\">N\u00e4chste Veranstaltung:<\/h1><div id=\"div_block-183-15\" class=\"ct-div-block\" ><div id=\"div_block-195-15\" class=\"ct-div-block\" ><img decoding=\"async\"  id=\"image-6-15\" alt=\"\" src=\"https:\/\/hmh.nvb.de\/wp-content\/uploads\/2023\/04\/1676904828.jpg\" class=\"ct-image\"\/><\/div><div id=\"div_block-190-15\" class=\"ct-div-block\" ><h3 id=\"headline-8-15\" class=\"ct-headline winery-heading-three\">Anmeldung Oldtimertreffen<\/h3><div id=\"text_block-193-15\" class=\"ct-text-block\" >Mauris tristique, dui id dignissim consectetur, leo nunc congue sem, vel scelerisque turpis ante et neque. Pellentesque molestie convallis aliquam. Nullam non diam et velit dapibus vehicula. Nullam finibus porttitor arcu ut convallis. Ut interdum eget lacus non fringilla. Curabitur dui enim, aliquet nec lacus a, sagittis feugiat justo. Aenean efficitur luctus nibh aliquam vestibulum.<\/div><a id=\"link_text-176-15\" class=\"ct-link-text winery-outline-button\" href=\"https:\/\/hmh.nvb.de\/wp-content\/uploads\/2023\/04\/Anmeldung-Oldtimertreffen.jpeg\"   >HERUNTERLADEN<\/a><\/div><\/div><\/div><\/section><section id=\"section-10-118\" class=\" ct-section\" ><div class=\"ct-section-inner-wrap\"><div id=\"div_block-12-118\" class=\"ct-div-block\" ><div id=\"div_block-13-118\" class=\"ct-div-block\" ><img decoding=\"async\"  id=\"image-14-118\" alt=\"\" src=\"https:\/\/hmh.nvb.de\/wp-content\/uploads\/2023\/04\/1676904828.jpg\" class=\"ct-image\"\/><\/div><div id=\"div_block-15-118\" class=\"ct-div-block\" ><h3 id=\"headline-16-118\" class=\"ct-headline winery-heading-three\">Anmeldung Oldtimertreffen<\/h3><div id=\"text_block-17-118\" class=\"ct-text-block\" >Mauris tristique, dui id dignissim consectetur, leo nunc congue sem, vel scelerisque turpis ante et neque. Pellentesque molestie convallis aliquam. Nullam non diam et velit dapibus vehicula. Nullam finibus porttitor arcu ut convallis. Ut interdum eget lacus non fringilla. Curabitur dui enim, aliquet nec lacus a, sagittis feugiat justo. Aenean efficitur luctus nibh aliquam vestibulum.<\/div><\/div><\/div><\/div><\/section>\n\n<section id=\"section-223-15\" class=\" ct-section\" ><div class=\"ct-section-inner-wrap\"><div id=\"new_columns-224-15\" class=\"ct-new-columns\" ><div id=\"div_block-225-15\" class=\"ct-div-block\" ><div id=\"div_block-226-15\" class=\"ct-div-block winery-restaurant-1-wrapper\" ><img decoding=\"async\"  id=\"image-227-15\" alt=\"\" src=\"https:\/\/hmh.nvb.de\/wp-content\/uploads\/2023\/04\/1569253082.jpg\" class=\"ct-image\"\/><h3 id=\"headline-228-15\" class=\"ct-headline winery-heading-three\">L\u00e4ndliches Herbstfest<\/h3><div id=\"text_block-229-15\" class=\"ct-text-block\" ><b> Sonntag den 29. September ab 11.30 -17.00 Uhr<\/b><br><b>auf dem Gel\u00e4nde des Heimatvereins. <\/b><br><br><div align=\"left\">Kulinarische K\u00f6stlichkeiten des Herbstes; Suppen, selbstgebackenes Brot und Dips, gegr. Wurst, Bruschetta Usw....<br><\/div><div align=\"left\">-Informationen und Rezepte, sch\u00f6ne Dekorationen<br>-Spiele und Basteln f\u00fcr Kinder<br>- Bildhauerei Demonstration von K\u00fcnstler Jaap van der Meer im S\u00e4gem\u00fchle<br>-Ausstellung verschiedene Kunst-und Holzarbeiten<br>-S\u00e4gem\u00fchle in Betrieb<br>-Cafe von 14.00 bis 18.00 ge\u00f6ffnet <br><\/div><\/div><\/div><\/div><div id=\"div_block-230-15\" class=\"ct-div-block\" ><div id=\"div_block-231-15\" class=\"ct-div-block winery-restaurant-1-wrapper\" ><img decoding=\"async\"  id=\"image-232-15\" alt=\"\" src=\"https:\/\/hmh.nvb.de\/wp-content\/uploads\/2023\/04\/konzeert.jpg\" class=\"ct-image\"\/><h3 id=\"headline-233-15\" class=\"ct-headline winery-heading-three\">Amerika Sound in der Konzertscheune<\/h3><div id=\"text_block-234-15\" class=\"ct-text-block\" ><b>Samstag den 14. September<br>ab 20.00 Uhr                                                                                                                  Konzertscheune  <\/b><br>Boris McCutcheon &amp; the mighty salt licks mit special Guest Bard Edrington<br><br><div align=\"left\"> Als Vorgruppe Drei junge Nachwachsk\u00fcnstler aus der Niedergrafschaft.<br> Eintritt : 12 Euro VK , 14 Euro Abendkasse                          Sch\u00fcler 5 Euro<br>VVK : Tankstelle Vorrink Haupstrasse Itterbeck oder bei MINE in Uelsen. <\/div><div align=\"left\"><br><\/div><\/div><\/div><\/div><\/div><\/div><\/section>\n\n<section id=\"section-170-15\" class=\" ct-section\" ><div class=\"ct-section-inner-wrap\"><img decoding=\"async\"  id=\"image-171-15\" alt=\"\" src=\"https:\/\/hmh.nvb.de\/wp-content\/uploads\/2023\/04\/painter.jpg\" class=\"ct-image\"\/><h2 id=\"headline-172-15\" class=\"ct-headline veranstaltungen-heading\">N\u00e4chste Kunstausstellung:<br><\/h2><div id=\"text_block-173-15\" class=\"ct-text-block\" >Es finden bis auf weiteres keine Kunstausstellungen statt<\/div><div id=\"div_block-174-15\" class=\"ct-div-block\" ><a id=\"link_text-175-15\" class=\"ct-link-text winery-main-button\" href=\"mailto:kunstimheimathof.itterbeck@gmail.com\" target=\"_self\"  >KONTAKT UNS<br><\/a><a id=\"link_text-188-15\" class=\"ct-link-text winery-outline-button\" href=\"#program\" target=\"_self\"  >JAHRESPROGRAMM<\/a><\/div><\/div><\/section>\n\n<section id=\"section-58-15\" class=\" ct-section\" ><div class=\"ct-section-inner-wrap\"><style>\/* FLEX GALLERY *\/\n\n.oxy-gallery.oxy-gallery-flex {\n\tdisplay: flex;\n\tflex-direction: row;\n\tflex-wrap: wrap;\n\tjustify-content: center;\n}\n\n.oxy-gallery-flex .oxy-gallery-item {\n\toverflow: hidden;\n\tflex: auto;\n\n}\n\n.oxy-gallery-flex .oxy-gallery-item-sizer {\n\tposition: relative;\n}\n\n.oxy-gallery-flex .oxy-gallery-item-contents {\n\tposition: absolute;\n\ttop: 0; bottom: 0; left: 0; right: 0;\n\tbackground-size: cover;\n\tmargin: 0;\n}\n\n.oxy-gallery-flex .oxy-gallery-item-contents img {\n\twidth: 100%;\n\theight: 100%;\n\topacity: 0;\n}\n\n\n\n\/* MASONRY GALLERY *\/\n\n.oxy-gallery.oxy-gallery-masonry {\n\tdisplay: block;\n\toverflow: auto;\n}\n\n.oxy-gallery-masonry .oxy-gallery-item {\n\tbreak-inside: avoid;\n\tdisplay: block;\n\tline-height: 0;\n\tposition: relative;\n}\n\n.oxy-gallery-masonry figure.oxy-gallery-item-contents {\n\tmargin: 0;\n}\n\n.oxy-gallery-masonry .oxy-gallery-item .oxy-gallery-item-contents img {\n\tmax-width: 100%;\n}\n\n.oxy-gallery-masonry .oxy-gallery-item .oxy-gallery-item-contents figcaption {\n\tdisplay: none;\n}\n\n\/* GRID GALLERY *\/\n.oxy-gallery-grid .oxy-gallery-item {\n\toverflow: hidden;\n\tflex: auto;\n\tposition: relative;\n}\n\n.oxy-gallery-grid .oxy-gallery-item-contents {\n\tmargin: 0;\n}\n\n.oxy-gallery-grid .oxy-gallery-item-contents img {\n\twidth: 100%;\n\theight: auto;\n}\n\n.oxy-gallery-grid .oxy-gallery-item .oxy-gallery-item-contents figcaption {\n\tdisplay: none;\n}<\/style><style data-element-id=\"#_gallery-165-15\">            #_gallery-165-15.oxy-gallery-flex .oxy-gallery-item {\n                width: calc(50.000% - 10px - 10px);\n                margin: 10px;\n                min-width: px;\n                overflow: hidden;\n                flex: auto;\n            }\n\n            #_gallery-165-15.oxy-gallery-flex .oxy-gallery-item-sizer {\n                padding-bottom: 75.00%;\n                position: relative;\n            }\n        \n            #_gallery-165-15.oxy-gallery-captions .oxy-gallery-item .oxy-gallery-item-contents figcaption:not(:empty) {\n                position: absolute;\n                bottom: 0;\n                left: 0;\n                right: 0;\n                background-color: rgba(0,0,0,0.75); \/* caption background color *\/\n                padding: 1em;\n                color: #ffffff;  \/* caption text color *\/\n                font-weight: bold;\n                -webkit-font-smoothing: antialiased;\n                font-size: 1em;\n                text-align: center;\n                line-height: var(--oxy-small-line-height);\n                \/*pointer-events: none;*\/\n                transition: 0.3s ease-in-out opacity;\n                display: block;\n            }\n\n                \n            #_gallery-165-15.oxy-gallery-captions .oxy-gallery-item .oxy-gallery-item-contents figcaption:not(:empty) {\n                opacity: 0;\n            }\n            #_gallery-165-15.oxy-gallery-captions .oxy-gallery-item:hover .oxy-gallery-item-contents figcaption {\n                opacity: 1;\n            }\n\n        \n            @media (max-width: ) {\n              #_gallery-165-15.oxy-gallery-captions .oxy-gallery-item .oxy-gallery-item-contents figcaption:not(:empty) {\n                display: none;\n              }\n            }\n\n                    \n            \/* hover effects *\/\n            #_gallery-165-15.oxy-gallery .oxy-gallery-item {\n              opacity: ;\n              transition: 0.3s ease-in-out opacity;\n            }\n\n            #_gallery-165-15.oxy-gallery .oxy-gallery-item:hover {\n              opacity: ;\n            }\n\n        <\/style>        <div id=\"_gallery-165-15\" class=\"oxy-gallery oxy-gallery-captions oxy-gallery-flex\" >\n        \n                \n                    <a href='https:\/\/hmh.nvb.de\/wp-content\/uploads\/2023\/04\/kunst-1.jpg'  class='oxy-gallery-item'>\n                        <div class='oxy-gallery-item-sizer'>\n\n                            <figure class='oxy-gallery-item-contents' style='background-image: url(https:\/\/hmh.nvb.de\/wp-content\/uploads\/2023\/04\/kunst-1.jpg);'>\n\n                                <img decoding=\"async\" src=\"https:\/\/hmh.nvb.de\/wp-content\/uploads\/2023\/04\/kunst-1.jpg\" data-original-src=\"https:\/\/hmh.nvb.de\/wp-content\/uploads\/2023\/04\/kunst-1.jpg\" data-original-src-width=\"1536\" data-original-src-height=\"2048\" alt=\"\">\n                                <figcaption><\/figcaption>\n\n                            <\/figure>\n\n                        <\/div>\n                    <\/a>\n\n                \n                    <a href='https:\/\/hmh.nvb.de\/wp-content\/uploads\/2023\/04\/kunst-2.jpg'  class='oxy-gallery-item'>\n                        <div class='oxy-gallery-item-sizer'>\n\n                            <figure class='oxy-gallery-item-contents' style='background-image: url(https:\/\/hmh.nvb.de\/wp-content\/uploads\/2023\/04\/kunst-2.jpg);'>\n\n                                <img decoding=\"async\" src=\"https:\/\/hmh.nvb.de\/wp-content\/uploads\/2023\/04\/kunst-2.jpg\" data-original-src=\"https:\/\/hmh.nvb.de\/wp-content\/uploads\/2023\/04\/kunst-2.jpg\" data-original-src-width=\"200\" data-original-src-height=\"200\" alt=\"\">\n                                <figcaption><\/figcaption>\n\n                            <\/figure>\n\n                        <\/div>\n                    <\/a>\n\n                \n                    <a href='https:\/\/hmh.nvb.de\/wp-content\/uploads\/2023\/04\/kunst-3.jpg'  class='oxy-gallery-item'>\n                        <div class='oxy-gallery-item-sizer'>\n\n                            <figure class='oxy-gallery-item-contents' style='background-image: url(https:\/\/hmh.nvb.de\/wp-content\/uploads\/2023\/04\/kunst-3.jpg);'>\n\n                                <img decoding=\"async\" src=\"https:\/\/hmh.nvb.de\/wp-content\/uploads\/2023\/04\/kunst-3.jpg\" data-original-src=\"https:\/\/hmh.nvb.de\/wp-content\/uploads\/2023\/04\/kunst-3.jpg\" data-original-src-width=\"2048\" data-original-src-height=\"1536\" alt=\"\">\n                                <figcaption><\/figcaption>\n\n                            <\/figure>\n\n                        <\/div>\n                    <\/a>\n\n                \n                    <a href='https:\/\/hmh.nvb.de\/wp-content\/uploads\/2023\/04\/kunst-4.jpg'  class='oxy-gallery-item'>\n                        <div class='oxy-gallery-item-sizer'>\n\n                            <figure class='oxy-gallery-item-contents' style='background-image: url(https:\/\/hmh.nvb.de\/wp-content\/uploads\/2023\/04\/kunst-4.jpg);'>\n\n                                <img decoding=\"async\" src=\"https:\/\/hmh.nvb.de\/wp-content\/uploads\/2023\/04\/kunst-4.jpg\" data-original-src=\"https:\/\/hmh.nvb.de\/wp-content\/uploads\/2023\/04\/kunst-4.jpg\" data-original-src-width=\"2048\" data-original-src-height=\"1536\" alt=\"\">\n                                <figcaption><\/figcaption>\n\n                            <\/figure>\n\n                        <\/div>\n                    <\/a>\n\n                \n                    <a href='https:\/\/hmh.nvb.de\/wp-content\/uploads\/2023\/04\/kunst-6.jpg'  class='oxy-gallery-item'>\n                        <div class='oxy-gallery-item-sizer'>\n\n                            <figure class='oxy-gallery-item-contents' style='background-image: url(https:\/\/hmh.nvb.de\/wp-content\/uploads\/2023\/04\/kunst-6.jpg);'>\n\n                                <img decoding=\"async\" src=\"https:\/\/hmh.nvb.de\/wp-content\/uploads\/2023\/04\/kunst-6.jpg\" data-original-src=\"https:\/\/hmh.nvb.de\/wp-content\/uploads\/2023\/04\/kunst-6.jpg\" data-original-src-width=\"2048\" data-original-src-height=\"1536\" alt=\"\">\n                                <figcaption><\/figcaption>\n\n                            <\/figure>\n\n                        <\/div>\n                    <\/a>\n\n                \n                    <a href='https:\/\/hmh.nvb.de\/wp-content\/uploads\/2023\/04\/kunst-7.jpg'  class='oxy-gallery-item'>\n                        <div class='oxy-gallery-item-sizer'>\n\n                            <figure class='oxy-gallery-item-contents' style='background-image: url(https:\/\/hmh.nvb.de\/wp-content\/uploads\/2023\/04\/kunst-7.jpg);'>\n\n                                <img decoding=\"async\" src=\"https:\/\/hmh.nvb.de\/wp-content\/uploads\/2023\/04\/kunst-7.jpg\" data-original-src=\"https:\/\/hmh.nvb.de\/wp-content\/uploads\/2023\/04\/kunst-7.jpg\" data-original-src-width=\"1600\" data-original-src-height=\"1200\" alt=\"\">\n                                <figcaption><\/figcaption>\n\n                            <\/figure>\n\n                        <\/div>\n                    <\/a>\n\n                \n                    <a href='https:\/\/hmh.nvb.de\/wp-content\/uploads\/2023\/04\/flower.jpg'  class='oxy-gallery-item'>\n                        <div class='oxy-gallery-item-sizer'>\n\n                            <figure class='oxy-gallery-item-contents' style='background-image: url(https:\/\/hmh.nvb.de\/wp-content\/uploads\/2023\/04\/flower.jpg);'>\n\n                                <img decoding=\"async\" src=\"https:\/\/hmh.nvb.de\/wp-content\/uploads\/2023\/04\/flower.jpg\" data-original-src=\"https:\/\/hmh.nvb.de\/wp-content\/uploads\/2023\/04\/flower.jpg\" data-original-src-width=\"1536\" data-original-src-height=\"2048\" alt=\"\">\n                                <figcaption><\/figcaption>\n\n                            <\/figure>\n\n                        <\/div>\n                    <\/a>\n\n                \n                    <a href='https:\/\/hmh.nvb.de\/wp-content\/uploads\/2023\/04\/horse-carriage.jpg'  class='oxy-gallery-item'>\n                        <div class='oxy-gallery-item-sizer'>\n\n                            <figure class='oxy-gallery-item-contents' style='background-image: url(https:\/\/hmh.nvb.de\/wp-content\/uploads\/2023\/04\/horse-carriage.jpg);'>\n\n                                <img decoding=\"async\" src=\"https:\/\/hmh.nvb.de\/wp-content\/uploads\/2023\/04\/horse-carriage.jpg\" data-original-src=\"https:\/\/hmh.nvb.de\/wp-content\/uploads\/2023\/04\/horse-carriage.jpg\" data-original-src-width=\"2048\" data-original-src-height=\"1536\" alt=\"\">\n                                <figcaption><\/figcaption>\n\n                            <\/figure>\n\n                        <\/div>\n                    <\/a>\n\n                \n                <\/div>\n                        <script type=\"text\/javascript\">\n                    document.addEventListener(\"oxygenVSBInitGalleryJs_gallery-165-15\",function(){\n                        if(jQuery('#_gallery-165-15').photoSwipe) {\n                            jQuery('#_gallery-165-15').photoSwipe('.oxy-gallery-item-contents');\n                        }\n                    },false);\n                    jQuery(document).ready(function() {\n                        let event = new Event('oxygenVSBInitGalleryJs_gallery-165-15');\n                        document.dispatchEvent(event);\n                    });\n                <\/script>\n            <\/div><\/section>\n\n<section id=\"section-198-15\" class=\" ct-section\" ><div class=\"ct-section-inner-wrap\"><h2 id=\"program\" class=\"ct-headline veranstaltungen-heading\">Jahresprogramm 2020<br><\/h2><div id=\"div_block-112-15\" class=\"ct-div-block winery-restaurant-1-wrapper\" ><div id=\"div_block-113-15\" class=\"ct-div-block\" ><h3 id=\"headline-114-15\" class=\"ct-headline winery-heading-three\">Jaap van der Meer<\/h3><\/div><div id=\"div_block-124-15\" class=\"ct-div-block\" ><h3 id=\"headline-125-15\" class=\"ct-headline winery-heading-three\">Daten<\/h3><div id=\"text_block-127-15\" class=\"ct-text-block\" >Ostermontag den 13. April                                                                                                    <br>Sonntag den 19. April<br>Sonntag den 26 April<\/div><\/div><\/div><div id=\"div_block-137-15\" class=\"ct-div-block winery-restaurant-1-wrapper\" ><div id=\"div_block-138-15\" class=\"ct-div-block\" ><h3 id=\"headline-139-15\" class=\"ct-headline winery-heading-three\">Heinrich Brunink<\/h3><\/div><div id=\"div_block-140-15\" class=\"ct-div-block\" ><h3 id=\"headline-141-15\" class=\"ct-headline winery-heading-three\">Daten<\/h3><div id=\"text_block-142-15\" class=\"ct-text-block\" >Sonntag den 3. Mai<br>Sonntag den 10. Mai<br>Sonntag den 17. Mai<\/div><\/div><\/div><\/div><\/section>","protected":false},"excerpt":{"rendered":"","protected":false},"author":1,"featured_media":0,"parent":0,"menu_order":0,"comment_status":"closed","ping_status":"closed","template":"","meta":{"footnotes":""},"class_list":["post-15","page","type-page","status-publish","hentry"],"_links":{"self":[{"href":"https:\/\/hmh.nvb.de\/index.php?rest_route=\/wp\/v2\/pages\/15","targetHints":{"allow":["GET"]}}],"collection":[{"href":"https:\/\/hmh.nvb.de\/index.php?rest_route=\/wp\/v2\/pages"}],"about":[{"href":"https:\/\/hmh.nvb.de\/index.php?rest_route=\/wp\/v2\/types\/page"}],"author":[{"embeddable":true,"href":"https:\/\/hmh.nvb.de\/index.php?rest_route=\/wp\/v2\/users\/1"}],"replies":[{"embeddable":true,"href":"https:\/\/hmh.nvb.de\/index.php?rest_route=%2Fwp%2Fv2%2Fcomments&post=15"}],"version-history":[{"count":10,"href":"https:\/\/hmh.nvb.de\/index.php?rest_route=\/wp\/v2\/pages\/15\/revisions"}],"predecessor-version":[{"id":163,"href":"https:\/\/hmh.nvb.de\/index.php?rest_route=\/wp\/v2\/pages\/15\/revisions\/163"}],"wp:attachment":[{"href":"https:\/\/hmh.nvb.de\/index.php?rest_route=%2Fwp%2Fv2%2Fmedia&parent=15"}],"curies":[{"name":"wp","href":"https:\/\/api.w.org\/{rel}","templated":true}]}}